{"id":2,"date":"2018-11-19T22:45:21","date_gmt":"2018-11-19T21:45:21","guid":{"rendered":"http:\/\/mespotentiels-grenoble.fr\/?page_id=2"},"modified":"2025-12-15T14:03:15","modified_gmt":"2025-12-15T13:03:15","slug":"page-d-exemple","status":"publish","type":"page","link":"http:\/\/mespotentiels-grenoble.fr\/","title":{"rendered":"Accueil"},"content":{"rendered":"<p><strong><em>Qui suis-je vraiment\u00a0? <\/em><\/strong><\/p>\n<p><strong><em>Comment je fonctionne au quotidien ? <\/em><\/strong><\/p>\n<p><strong><em>Qu\u2019est-ce que j\u2019ai envie de faire\u00a0? <\/em><\/strong><\/p>\n<p><strong><em>Quels sont mes points forts qui vont me permettre de m\u2019\u00e9panouir\u00a0? <\/em><\/strong><\/p>\n<p><strong><em>Quels sont <u>les secteurs d\u2019activit\u00e9s <\/u>qui peuvent me convenir ? <\/em><\/strong><\/p>\n<p><strong><em>Quelles <u>fonctions<\/u> je peux d\u00e9velopper dans une entreprise\u00a0? <\/em><\/strong><\/p>\n<p><strong><em>Est-ce que ce projet-l\u00e0 est bien le mien\u00a0?<\/em><\/strong><\/p>\n<p><span style=\"color: #000000;\">POTENTIALIS\u00ae est une m\u00e9thode p\u00e9dagogique d\u2019accompagnement \u00e0 l\u2019auto-\u00e9valuation pour l\u2019identification des points forts de chacun. Issu des sciences cognitives et des recherches en neurosciences, POTENTIALIS\u00ae est une m\u00e9thode valid\u00e9e scientifiquement par la fondation M\u00e9rieux. Cette m\u00e9thode est d\u00e9pos\u00e9e \u00e0 l\u2019INPI de Lyon et est g\u00e9r\u00e9e par l\u2019association Mm2i (des M\u00e9thodologies pour le Management, l\u2019Imagination et l\u2019Information).<\/span><\/p>\n<p><strong><span style=\"color: #000000;\"><em>Myriam Lesou\u00ebf <\/em><\/span><\/strong> &#8211; <span style=\"color: #000000;\"><em>Entreprise Individelle (EI) &#8211; <\/em><\/span><strong><span style=\"color: #000000;\"><em>06 68 19 49 30<\/em><\/span><\/strong><\/p>\n<p><span style=\"color: #000000;\">300 000 personnes ont d\u00e9j\u00e0 fait ce bilan.<\/span><\/p>\n<p><span style=\"color: #000000;\"><strong> <u>Vous allez \u00eatre acteur de votre bilan<\/u> <\/strong> : vous effectuerez des petits exercices ludiques.<\/span><\/p>\n<p><span style=\"color: #000000;\">Vous allez\u00a0d\u00e9couvrir :<\/span><\/p>\n<p><span style=\"color: #000000;\">&#8211; vos forces, vos ressources, vos aptitudes, vos talents &#8230;. qui sont sources de motivation,<\/span><\/p>\n<p><span style=\"color: #000000;\">&#8211; vos possibilit\u00e9s de d\u00e9veloppement et d\u2019\u00e9volution,<\/span><\/p>\n<p><span style=\"color: #000000;\">&#8211; votre mode de traitement des informations (gr\u00e2ce \u00e0 l\u2019\u00e9valuation de vos potentiels sensoriels, de vos potentiels de cr\u00e9ativit\u00e9, de vos potentiels de raisonnement logique et de vos potentiels de communication).<\/span><\/p>\n<p><span style=\"color: #000000;\">Le but est\u00a0:<\/span><\/p>\n<p><span style=\"color: #000000;\">&#8211; de pr\u00e9ciser votre orientation scolaire,<\/span><\/p>\n<p><span style=\"color: #000000;\">&#8211; de formaliser vos projets professionnels et personnels,<\/span><\/p>\n<p><span style=\"color: #000000;\">&#8211; d\u2019apprendre \u00e0 mieux vous conna\u00eetre : en d\u00e9couvrant votre propre fonctionnement dans l\u2019apprentissage et la m\u00e9morisation,<\/span><\/p>\n<p><span style=\"color: #000000;\">&#8211; de piloter et valoriser les projets et les comp\u00e9tences de l\u2019Homme et de l\u2019entreprise,<\/span><\/p>\n<p><strong><span style=\"color: #0000ff;\">&#8211; de choisir une vie \u00e9panouissante et de donner un sens \u00e0 votre vie.<\/span><\/strong><\/p>\n<p><strong> <span style=\"color: #000000;\">Un potentiel est une puissance que nous avons en r\u00e9serve ; c\u2019est une capacit\u00e9 que l\u2019on a.<\/span> <\/strong> <strong> <span style=\"color: #000000;\">Nos potentiels r\u00e9unis sont \u00e0 l\u2019origine de nos<\/span> <\/strong> comp\u00e9tences <span style=\"color: #000000;\">(je suis \u00e9quip\u00e9e du logiciel POL qui permet de convertir les potentiels en comp\u00e9tences).<\/span><\/p>\n<p><strong><span style=\"color: #000000;\">Un potentiel fort va g\u00e9n\u00e9rer des r\u00e9ussites dans certains domaines et des comp\u00e9tences professionnelles. Quand un potentiel fort est utilis\u00e9, c\u2019est une source de force, dynamisme, performance, plaisir et r\u00e9ussite.<\/span><\/strong><\/p>\n<p><strong> <span style=\"color: #000000;\">Un potentiel fort non utilis\u00e9 est source de fatigue, de stress et de d\u00e9motivation<\/span> <\/strong> <span style=\"color: #000000;\">(et peut conduire au burn out).<\/span><\/p>\n<p><span style=\"color: #000000;\">Chaque personne est diff\u00e9rente, chacun poss\u00e8de sa propre histoire de vie personnelle et professionnelle, avec de multiples talents et potentiels. C\u2019est l\u2019exploitation de vos potentiels forts (et donc motivants) qui donnera un sens \u00e0 votre vie. Conna\u00eetre ses potentiels permet de se d\u00e9couvrir, de se sentir l\u00e9gitime et confiant dans ce que l\u2019on fait. Toute personne a besoin de bien conna\u00eetre ses ressources pour s\u2019adapter \u00e0 diff\u00e9rentes situations, pour s\u2019orienter, pour augmenter ses performances ; et aussi obtenir la reconnaissance de son entourage.<\/span><\/p>\n<p><span style=\"color: #000000;\"><u>Des exemples d\u2019entreprises ou centres qui ont utilis\u00e9 POTENTIALIS<\/u> \u00ae\u00a0:<\/span><\/p>\n<p><span style=\"color: #000000;\">INRA, CCI, ANPE, P\u00f4le de conversion du Creusot, APOR, Hospices civils de Lyon, Missions locales, AFPA, CRP, ADAPT, Centre du Prado, CESI Lyon, EPLEFPA, MSA, CRAFEP, EN3S St Etienne, DRASS Rh\u00f4ne-Alpes, HCL Groupe Hospitalier P\u00f4le Est, ESDESS Lyon&#8230; et de nombreux \u00e9l\u00e8ves de l\u2019enseignement primaire, secondaire et universitaire.<\/span><\/p>\n<p><span style=\"color: #000000;\"> <em>Pr\u00e9voir 4 heures pour le bilan + 1 heure pour la relecture ensemble + 1 suivi si besoin quelques mois apr\u00e8s (Tarif : 450 \u20ac).<\/em><\/span><span style=\"color: #000000;\"><br \/><\/span><\/p>\n<p><span style=\"color: #000000;\">En face \u00e0 face ou en visio.<\/span><\/p>\n<div class=\"_1mf _1mj\" data-offset-key=\"9bbid-0-0\">\n<div class=\"_1mf _1mj\" data-offset-key=\"9bbid-0-0\"><span style=\"color: #000000;\">Je peux me d\u00e9placer pour les personnes \u00e0 mobilit\u00e9 r\u00e9duite.<\/span><\/div>\n<\/div>\n<div data-offset-key=\"9bbid-0-0\">\u00a0<\/div>\n<p><strong><span style=\"color: #000000;\"><em>Myriam Lesou\u00ebf <\/em><\/span><\/strong> &#8211; <span style=\"color: #000000;\"><em>Entreprise Individelle (EI) &#8211; <\/em><\/span><strong><span style=\"color: #000000;\"><em>06 68 19 49 30<\/em><\/span><\/strong><\/p>\n<div data-offset-key=\"9bbid-0-0\">\n<p><span style=\"color: #000000;\"><strong><em>\u00ab La motivation pour un m\u00e9tier ne s\u2019appuie pas que sur le niveau scolaire. Il faut rep\u00e9rer des aptitudes et des capacit\u00e9s que l\u2019on n\u2019a pas coutume d\u2019\u00e9valuer \u00e0 l\u2019\u00e9cole : les potentiels. \u00bb<\/em> <\/strong> <\/span> <span style=\"color: #000000;\">M.R. Rollet, fondatrice de la m\u00e9thode POTENTIALIS.<\/span><\/p>\n<\/div>\n<div data-offset-key=\"9bbid-0-0\">\u00a0<\/div>\n<div data-offset-key=\"9bbid-0-0\"><span style=\"color: #000000;\">Je peux \u00e9galement vous proposer des s\u00e9ances de GESTION MENTALE : \u00ab apprendre \u00e0 apprendre et commenter apprivoiser son mental \u00bb.<\/span> <span style=\"color: #000000;\">Le but est de comprendre son type de m\u00e9morisation et\/ou de faire de la PR\u00c9PARATION MENTALE : pour pr\u00e9parer une \u00e9preuve, un examen, un RV, un entretien, une comp\u00e9tition sportive, diminuer une douleur per\u00e7ue dans le corps, arr\u00eater de fumer, &#8230; pour d\u00e9passer les limites du mental. 1 heure \u00e0 la fois 60 \u20ac<\/span><\/div>\n<div class=\"_1mf _1mj\" data-offset-key=\"9bbid-0-0\">\n<div data-offset-key=\"9bbid-0-0\"><span style=\"color: #ffffff;\">.<\/span><\/div>\n<\/div>\n<div data-offset-key=\"9bbid-0-0\"><span style=\"color: #000000;\"><strong>Mon travail se situe au carrefour de la psychologie positive, des intelligences multiples et de l\u2019intelligence \u00e9motionnelle,<\/strong> il \u00e9tait donc \u00e9vident pour moi de pouvoir vous proposer des bilans de potentiels en plus des s\u00e9ances de NEUROFEEDBACK.<\/span><\/div>\n<div data-offset-key=\"9bbid-0-0\"><span style=\"color: #000000;\"> Plus d\u2019infos sur <a href=\"http:\/\/www.neurofeedback-grenoble.fr\">http:\/\/www.neurofeedback-grenoble.fr<\/a><\/span><\/div>\n<div data-offset-key=\"9bbid-0-0\"><span style=\"color: #ffffff;\">.<\/span><\/div>\n<div class=\"_1mf _1mj\" data-offset-key=\"9bbid-0-0\">\n<div data-offset-key=\"9bbid-0-0\">\n<div class=\"_1mf _1mj\" style=\"text-align: justify;\" data-offset-key=\"9bbid-0-0\"><span style=\"color: #000000;\"> <strong> <em>Pour les \u00e9tablissements scolaires, les centres de formation ou les entreprises,<\/em><\/strong> je propose mon intervention pour :<\/span><\/div>\n<div class=\"_1mf _1mj\" style=\"text-align: justify;\" data-offset-key=\"9bbid-0-0\"><span style=\"color: #000000;\">&#8211; des s\u00e9ances de gestion mentale : \u00ab apprendre \u00e0 apprendre et commenter apprivoiser son mental \u00bb ;<\/span><\/div>\n<div class=\"_1mf _1mj\" style=\"text-align: justify;\" data-offset-key=\"9bbid-0-0\">\n<div data-offset-key=\"9bbid-0-0\"><span style=\"color: #000000;\">&#8211; des conf\u00e9rences sur le cerveau, la m\u00e9moire, la concentration, les images mentales, les strat\u00e9gies de motivation, la gestion des \u00e9tats internes : le stress et les \u00e9motions, les techniques de m\u00e9morisation, &#8230;<\/span><\/div>\n<\/div>\n<div class=\"_1mf _1mj\" style=\"text-align: justify;\" data-offset-key=\"9bbid-0-0\"><span style=\"color: #000000;\">&#8211; des bilans de potentiels en petits groupes (tarifs sur demande) ; <\/span><\/div>\n<div class=\"_1mf _1mj\" style=\"text-align: justify;\" data-offset-key=\"9bbid-0-0\"><span style=\"color: #000000;\">&#8211; des s\u00e9ances de NEUROFEEDBACK dans votre entreprise (dans le cadre du bien \u00eatre au travail).<\/span><\/div>\n<div data-offset-key=\"9bbid-0-0\"><span style=\"color: #ffffff;\">.<\/span><\/div>\n<div data-offset-key=\"9bbid-0-0\">\u00a0<\/div>\n<\/div>\n<\/div>\n\n\n<p><font _mstmutation=\"1\" _msthash=\"975819\"><\/p>\n","protected":false},"excerpt":{"rendered":"<p>Qui suis-je vraiment\u00a0? Comment je fonctionne au quotidien ? Qu\u2019est-ce que j\u2019ai envie de faire\u00a0? Quels sont mes points forts qui vont me permettre de m\u2019\u00e9panouir\u00a0? Quels sont les secteurs d\u2019activit\u00e9s qui peuvent me convenir ? Quelles fonctions je peux d\u00e9velopper dans une entreprise\u00a0? Est-ce que ce projet-l\u00e0 est bien le mien\u00a0? POTENTIALIS\u00ae est une<\/p>\n<p><a href=\"http:\/\/mespotentiels-grenoble.fr\/\" class=\"more-link\">Read More<\/a><\/p>\n","protected":false},"author":1,"featured_media":0,"parent":0,"menu_order":0,"comment_status":"closed","ping_status":"open","template":"","meta":[],"_links":{"self":[{"href":"http:\/\/mespotentiels-grenoble.fr\/index.php?rest_route=\/wp\/v2\/pages\/2"}],"collection":[{"href":"http:\/\/mespotentiels-grenoble.fr\/index.php?rest_route=\/wp\/v2\/pages"}],"about":[{"href":"http:\/\/mespotentiels-grenoble.fr\/index.php?rest_route=\/wp\/v2\/types\/page"}],"author":[{"embeddable":true,"href":"http:\/\/mespotentiels-grenoble.fr\/index.php?rest_route=\/wp\/v2\/users\/1"}],"replies":[{"embeddable":true,"href":"http:\/\/mespotentiels-grenoble.fr\/index.php?rest_route=%2Fwp%2Fv2%2Fcomments&post=2"}],"version-history":[{"count":52,"href":"http:\/\/mespotentiels-grenoble.fr\/index.php?rest_route=\/wp\/v2\/pages\/2\/revisions"}],"predecessor-version":[{"id":267,"href":"http:\/\/mespotentiels-grenoble.fr\/index.php?rest_route=\/wp\/v2\/pages\/2\/revisions\/267"}],"wp:attachment":[{"href":"http:\/\/mespotentiels-grenoble.fr\/index.php?rest_route=%2Fwp%2Fv2%2Fmedia&parent=2"}],"curies":[{"name":"wp","href":"https:\/\/api.w.org\/{rel}","templated":true}]}}